{"id":626,"date":"2021-03-03T07:19:41","date_gmt":"2021-03-03T06:19:41","guid":{"rendered":"https:\/\/www.wolkytolky.com\/wer-wir-sind\/"},"modified":"2021-05-06T13:07:24","modified_gmt":"2021-05-06T11:07:24","slug":"wer-wir-sind","status":"publish","type":"page","link":"https:\/\/www.wolkytolky.com\/de\/wer-wir-sind\/","title":{"rendered":"Wer wir sind"},"content":{"rendered":"<p>[et_pb_section fb_built=&#8220;1&#8243; fullwidth=&#8220;on&#8220; _builder_version=&#8220;3.22&#8243;][et_pb_fullwidth_image src=&#8220;https:\/\/www.wolkytolky.com\/wp-content\/uploads\/2019\/08\/header.jpg&#8220; _builder_version=&#8220;3.17.6&#8243;][\/et_pb_fullwidth_image][\/et_pb_section][et_pb_section fb_built=&#8220;1&#8243; _builder_version=&#8220;3.22&#8243;][et_pb_row column_structure=&#8220;2_5,3_5&#8243; make_equal=&#8220;on&#8220; _builder_version=&#8220;3.25&#8243;][et_pb_column type=&#8220;2_5&#8243; _builder_version=&#8220;3.25&#8243; custom_padding=&#8220;|||&#8220; custom_padding__hover=&#8220;|||&#8220;][et_pb_image src=&#8220;https:\/\/www.wolkytolky.com\/wp-content\/uploads\/2019\/08\/Luc.jpg&#8220; align_tablet=&#8220;center&#8220; align_phone=&#8220;&#8220; align_last_edited=&#8220;on|desktop&#8220; _builder_version=&#8220;3.23&#8243;][\/et_pb_image][\/et_pb_column][et_pb_column type=&#8220;3_5&#8243; _builder_version=&#8220;3.25&#8243; custom_padding=&#8220;|||&#8220; custom_padding__hover=&#8220;|||&#8220;][et_pb_text _builder_version=&#8220;4.7.4&#8243; hover_enabled=&#8220;0&#8243; sticky_enabled=&#8220;0&#8243;]<\/p>\n<p>Ich bin Luc Verkoelen. Wetterverr\u00fcckt, Softwareentwickler und ich werde oft als (fast) Allrounder bezeichnet. Ich verbinde meteorologisches Wissen und Softwareentwicklung zu benutzerfreundlichen Anwendungen f\u00fcr WolkyTolky. Innerhalb von WolkyTolky bin ich f\u00fcr alle technischen Entwicklungen verantwortlich. Als Gesch\u00e4ftsf\u00fchrer von WolkyTolky k\u00fcmmere ich mich auch um die Finanzen, den Einkauf und allgemeine strategische Fragen.<\/p>\n<p>[\/et_pb_text][\/et_pb_column][\/et_pb_row][et_pb_row column_structure=&#8220;3_5,2_5&#8243; make_equal=&#8220;on&#8220; _builder_version=&#8220;3.25&#8243;][et_pb_column type=&#8220;3_5&#8243; _builder_version=&#8220;3.25&#8243; custom_padding=&#8220;|||&#8220; custom_padding__hover=&#8220;|||&#8220;][et_pb_text _builder_version=&#8220;3.27.4&#8243;]<\/p>\n<p>Mein Name ist Yannick Smedts und ich bin seit einigen Jahren in der Pr\u00e4zisionslandwirtschaft in der Baumschule t\u00e4tig. Bei der Baumschule Fleuren bin ich seit langem f\u00fcr das Wassermanagement zust\u00e4ndig. Hier begann ich mich auch f\u00fcr das Wetter zu interessieren und schlie\u00dflich wurde WolkyTolky geboren. Ich bin an der Produktionsplanung, dem Vertrieb und den Kundenkontakten beteiligt.<\/p>\n<p>[\/et_pb_text][\/et_pb_column][et_pb_column type=&#8220;2_5&#8243; _builder_version=&#8220;3.25&#8243; custom_padding=&#8220;|||&#8220; custom_padding__hover=&#8220;|||&#8220;][et_pb_image src=&#8220;https:\/\/www.wolkytolky.com\/wp-content\/uploads\/2019\/08\/Yannick.jpg&#8220; align_tablet=&#8220;center&#8220; align_phone=&#8220;&#8220; align_last_edited=&#8220;on|desktop&#8220; _builder_version=&#8220;3.23&#8243;][\/et_pb_image][\/et_pb_column][\/et_pb_row][et_pb_row column_structure=&#8220;2_5,3_5&#8243; make_equal=&#8220;on&#8220; _builder_version=&#8220;3.25&#8243;][et_pb_column type=&#8220;2_5&#8243; _builder_version=&#8220;3.25&#8243; custom_padding=&#8220;|||&#8220; custom_padding__hover=&#8220;|||&#8220;][et_pb_image src=&#8220;https:\/\/www.wolkytolky.com\/wp-content\/uploads\/2019\/08\/Han.jpg&#8220; align_tablet=&#8220;center&#8220; align_phone=&#8220;&#8220; align_last_edited=&#8220;on|desktop&#8220; _builder_version=&#8220;3.23&#8243;][\/et_pb_image][\/et_pb_column][et_pb_column type=&#8220;3_5&#8243; _builder_version=&#8220;3.25&#8243; custom_padding=&#8220;|||&#8220; custom_padding__hover=&#8220;|||&#8220;][et_pb_text _builder_version=&#8220;3.27.4&#8243;]<\/p>\n<p>Mein Name ist Han Fleuren und ich bin der Direktor bei Fleuren Nurseries. In der Branche beschreiben sie uns als innovativ und immer auf der Suche nach L\u00f6sungen. Ich kann mit Fug und Recht behaupten, dass WolkyTolky ein Beispiel daf\u00fcr ist. Bei WolkyTolky bin ich haupts\u00e4chlich mit Beratung besch\u00e4ftigt. Und nat\u00fcrlich bin ich auch der Botschafter von WolkyTolky.<\/p>\n<p>[\/et_pb_text][\/et_pb_column][\/et_pb_row][\/et_pb_section]<\/p>\n","protected":false},"excerpt":{"rendered":"<p>Ich bin Luc Verkoelen. Wetterverr\u00fcckt, Softwareentwickler und ich werde oft als (fast) Allrounder bezeichnet. Ich verbinde meteorologisches Wissen und Softwareentwicklung zu benutzerfreundlichen Anwendungen f\u00fcr WolkyTolky. Innerhalb von WolkyTolky bin ich f\u00fcr alle technischen Entwicklungen verantwortlich. Als Gesch\u00e4ftsf\u00fchrer von WolkyTolky k\u00fcmmere ich mich auch um die Finanzen, den Einkauf und allgemeine strategische Fragen. Mein Name ist [&hellip;]<\/p>\n","protected":false},"author":1,"featured_media":0,"parent":0,"menu_order":0,"comment_status":"closed","ping_status":"closed","template":"","meta":{"_acf_changed":false,"_et_pb_use_builder":"on","_et_pb_old_content":"","_et_gb_content_width":"","footnotes":""},"class_list":["post-626","page","type-page","status-publish","hentry"],"acf":[],"yoast_head":"<!-- This site is optimized with the Yoast SEO plugin v27.0 - https:\/\/yoast.com\/product\/yoast-seo-wordpress\/ -->\n<title>Wer wir sind - WolkyTolky<\/title>\n<meta name=\"robots\" content=\"index, follow, max-snippet:-1, max-image-preview:large, max-video-preview:-1\" \/>\n<link rel=\"canonical\" href=\"https:\/\/www.wolkytolky.com\/de\/wer-wir-sind\/\" \/>\n<meta property=\"og:locale\" content=\"de_DE\" \/>\n<meta property=\"og:type\" content=\"article\" \/>\n<meta property=\"og:title\" content=\"Wer wir sind - WolkyTolky\" \/>\n<meta property=\"og:description\" content=\"Ich bin Luc Verkoelen. Wetterverr\u00fcckt, Softwareentwickler und ich werde oft als (fast) Allrounder bezeichnet. Ich verbinde meteorologisches Wissen und Softwareentwicklung zu benutzerfreundlichen Anwendungen f\u00fcr WolkyTolky. Innerhalb von WolkyTolky bin ich f\u00fcr alle technischen Entwicklungen verantwortlich. Als Gesch\u00e4ftsf\u00fchrer von WolkyTolky k\u00fcmmere ich mich auch um die Finanzen, den Einkauf und allgemeine strategische Fragen. Mein Name ist [&hellip;]\" \/>\n<meta property=\"og:url\" content=\"https:\/\/www.wolkytolky.com\/de\/wer-wir-sind\/\" \/>\n<meta property=\"og:site_name\" content=\"WolkyTolky\" \/>\n<meta property=\"article:publisher\" content=\"https:\/\/www.facebook.com\/Wolkytolkyweather\/\" \/>\n<meta property=\"article:modified_time\" content=\"2021-05-06T11:07:24+00:00\" \/>\n<meta name=\"twitter:card\" content=\"summary_large_image\" \/>\n<meta name=\"twitter:label1\" content=\"Gesch\u00e4tzte Lesezeit\" \/>\n\t<meta name=\"twitter:data1\" content=\"2\u00a0Minuten\" \/>\n<script type=\"application\/ld+json\" class=\"yoast-schema-graph\">{\"@context\":\"https:\/\/schema.org\",\"@graph\":[{\"@type\":\"WebPage\",\"@id\":\"https:\/\/www.wolkytolky.com\/de\/wer-wir-sind\/\",\"url\":\"https:\/\/www.wolkytolky.com\/de\/wer-wir-sind\/\",\"name\":\"Wer wir sind - WolkyTolky\",\"isPartOf\":{\"@id\":\"https:\/\/www.wolkytolky.com\/de\/#website\"},\"datePublished\":\"2021-03-03T06:19:41+00:00\",\"dateModified\":\"2021-05-06T11:07:24+00:00\",\"breadcrumb\":{\"@id\":\"https:\/\/www.wolkytolky.com\/de\/wer-wir-sind\/#breadcrumb\"},\"inLanguage\":\"de\",\"potentialAction\":[{\"@type\":\"ReadAction\",\"target\":[\"https:\/\/www.wolkytolky.com\/de\/wer-wir-sind\/\"]}]},{\"@type\":\"BreadcrumbList\",\"@id\":\"https:\/\/www.wolkytolky.com\/de\/wer-wir-sind\/#breadcrumb\",\"itemListElement\":[{\"@type\":\"ListItem\",\"position\":1,\"name\":\"Home\",\"item\":\"https:\/\/www.wolkytolky.com\/de\/\"},{\"@type\":\"ListItem\",\"position\":2,\"name\":\"Wer wir sind\"}]},{\"@type\":\"WebSite\",\"@id\":\"https:\/\/www.wolkytolky.com\/de\/#website\",\"url\":\"https:\/\/www.wolkytolky.com\/de\/\",\"name\":\"WolkyTolky\",\"description\":\"Agro Data Systems\",\"publisher\":{\"@id\":\"https:\/\/www.wolkytolky.com\/de\/#organization\"},\"potentialAction\":[{\"@type\":\"SearchAction\",\"target\":{\"@type\":\"EntryPoint\",\"urlTemplate\":\"https:\/\/www.wolkytolky.com\/de\/?s={search_term_string}\"},\"query-input\":{\"@type\":\"PropertyValueSpecification\",\"valueRequired\":true,\"valueName\":\"search_term_string\"}}],\"inLanguage\":\"de\"},{\"@type\":\"Organization\",\"@id\":\"https:\/\/www.wolkytolky.com\/de\/#organization\",\"name\":\"WolkyTolky\",\"url\":\"https:\/\/www.wolkytolky.com\/de\/\",\"logo\":{\"@type\":\"ImageObject\",\"inLanguage\":\"de\",\"@id\":\"https:\/\/www.wolkytolky.com\/de\/#\/schema\/logo\/image\/\",\"url\":\"https:\/\/www.wolkytolky.com\/wp-content\/uploads\/2023\/10\/WT_logo_web.png\",\"contentUrl\":\"https:\/\/www.wolkytolky.com\/wp-content\/uploads\/2023\/10\/WT_logo_web.png\",\"width\":423,\"height\":115,\"caption\":\"WolkyTolky\"},\"image\":{\"@id\":\"https:\/\/www.wolkytolky.com\/de\/#\/schema\/logo\/image\/\"},\"sameAs\":[\"https:\/\/www.facebook.com\/Wolkytolkyweather\/\"]}]}<\/script>\n<!-- \/ Yoast SEO plugin. -->","yoast_head_json":{"title":"Wer wir sind - WolkyTolky","robots":{"index":"index","follow":"follow","max-snippet":"max-snippet:-1","max-image-preview":"max-image-preview:large","max-video-preview":"max-video-preview:-1"},"canonical":"https:\/\/www.wolkytolky.com\/de\/wer-wir-sind\/","og_locale":"de_DE","og_type":"article","og_title":"Wer wir sind - WolkyTolky","og_description":"Ich bin Luc Verkoelen. Wetterverr\u00fcckt, Softwareentwickler und ich werde oft als (fast) Allrounder bezeichnet. Ich verbinde meteorologisches Wissen und Softwareentwicklung zu benutzerfreundlichen Anwendungen f\u00fcr WolkyTolky. Innerhalb von WolkyTolky bin ich f\u00fcr alle technischen Entwicklungen verantwortlich. Als Gesch\u00e4ftsf\u00fchrer von WolkyTolky k\u00fcmmere ich mich auch um die Finanzen, den Einkauf und allgemeine strategische Fragen. Mein Name ist [&hellip;]","og_url":"https:\/\/www.wolkytolky.com\/de\/wer-wir-sind\/","og_site_name":"WolkyTolky","article_publisher":"https:\/\/www.facebook.com\/Wolkytolkyweather\/","article_modified_time":"2021-05-06T11:07:24+00:00","twitter_card":"summary_large_image","twitter_misc":{"Gesch\u00e4tzte Lesezeit":"2\u00a0Minuten"},"schema":{"@context":"https:\/\/schema.org","@graph":[{"@type":"WebPage","@id":"https:\/\/www.wolkytolky.com\/de\/wer-wir-sind\/","url":"https:\/\/www.wolkytolky.com\/de\/wer-wir-sind\/","name":"Wer wir sind - WolkyTolky","isPartOf":{"@id":"https:\/\/www.wolkytolky.com\/de\/#website"},"datePublished":"2021-03-03T06:19:41+00:00","dateModified":"2021-05-06T11:07:24+00:00","breadcrumb":{"@id":"https:\/\/www.wolkytolky.com\/de\/wer-wir-sind\/#breadcrumb"},"inLanguage":"de","potentialAction":[{"@type":"ReadAction","target":["https:\/\/www.wolkytolky.com\/de\/wer-wir-sind\/"]}]},{"@type":"BreadcrumbList","@id":"https:\/\/www.wolkytolky.com\/de\/wer-wir-sind\/#breadcrumb","itemListElement":[{"@type":"ListItem","position":1,"name":"Home","item":"https:\/\/www.wolkytolky.com\/de\/"},{"@type":"ListItem","position":2,"name":"Wer wir sind"}]},{"@type":"WebSite","@id":"https:\/\/www.wolkytolky.com\/de\/#website","url":"https:\/\/www.wolkytolky.com\/de\/","name":"WolkyTolky","description":"Agro Data Systems","publisher":{"@id":"https:\/\/www.wolkytolky.com\/de\/#organization"},"potentialAction":[{"@type":"SearchAction","target":{"@type":"EntryPoint","urlTemplate":"https:\/\/www.wolkytolky.com\/de\/?s={search_term_string}"},"query-input":{"@type":"PropertyValueSpecification","valueRequired":true,"valueName":"search_term_string"}}],"inLanguage":"de"},{"@type":"Organization","@id":"https:\/\/www.wolkytolky.com\/de\/#organization","name":"WolkyTolky","url":"https:\/\/www.wolkytolky.com\/de\/","logo":{"@type":"ImageObject","inLanguage":"de","@id":"https:\/\/www.wolkytolky.com\/de\/#\/schema\/logo\/image\/","url":"https:\/\/www.wolkytolky.com\/wp-content\/uploads\/2023\/10\/WT_logo_web.png","contentUrl":"https:\/\/www.wolkytolky.com\/wp-content\/uploads\/2023\/10\/WT_logo_web.png","width":423,"height":115,"caption":"WolkyTolky"},"image":{"@id":"https:\/\/www.wolkytolky.com\/de\/#\/schema\/logo\/image\/"},"sameAs":["https:\/\/www.facebook.com\/Wolkytolkyweather\/"]}]}},"_links":{"self":[{"href":"https:\/\/www.wolkytolky.com\/de\/wp-json\/wp\/v2\/pages\/626","targetHints":{"allow":["GET"]}}],"collection":[{"href":"https:\/\/www.wolkytolky.com\/de\/wp-json\/wp\/v2\/pages"}],"about":[{"href":"https:\/\/www.wolkytolky.com\/de\/wp-json\/wp\/v2\/types\/page"}],"author":[{"embeddable":true,"href":"https:\/\/www.wolkytolky.com\/de\/wp-json\/wp\/v2\/users\/1"}],"replies":[{"embeddable":true,"href":"https:\/\/www.wolkytolky.com\/de\/wp-json\/wp\/v2\/comments?post=626"}],"version-history":[{"count":5,"href":"https:\/\/www.wolkytolky.com\/de\/wp-json\/wp\/v2\/pages\/626\/revisions"}],"predecessor-version":[{"id":641,"href":"https:\/\/www.wolkytolky.com\/de\/wp-json\/wp\/v2\/pages\/626\/revisions\/641"}],"wp:attachment":[{"href":"https:\/\/www.wolkytolky.com\/de\/wp-json\/wp\/v2\/media?parent=626"}],"curies":[{"name":"wp","href":"https:\/\/api.w.org\/{rel}","templated":true}]}}