{"id":1521,"date":"2024-10-03T11:46:08","date_gmt":"2024-10-03T09:46:08","guid":{"rendered":"https:\/\/www.wolkytolky.com\/quienes-somos\/"},"modified":"2024-10-03T11:46:08","modified_gmt":"2024-10-03T09:46:08","slug":"quienes-somos","status":"publish","type":"page","link":"https:\/\/www.wolkytolky.com\/es\/quienes-somos\/","title":{"rendered":"\u00bfQui\u00e9nes somos?"},"content":{"rendered":"<p>[et_pb_section fb_built=\u00bb1&#8243; fullwidth=\u00bbon\u00bb _builder_version=\u00bb3.22&#8243;][et_pb_fullwidth_image src=\u00bbhttps:\/\/www.wolkytolky.com\/wp-content\/uploads\/2019\/08\/header.jpg\u00bb _builder_version=\u00bb3.17.6&#8243;][\/et_pb_fullwidth_image][\/et_pb_section][et_pb_section fb_built=\u00bb1&#8243; _builder_version=\u00bb3.22&#8243;][et_pb_row column_structure=\u00bb2_5,3_5&#8243; make_equal=\u00bbon\u00bb _builder_version=\u00bb3.25&#8243;][et_pb_column type=\u00bb2_5&#8243; _builder_version=\u00bb3.25&#8243; custom_padding=\u00bb|||\u00bb custom_padding__hover=\u00bb|||\u00bb][et_pb_image src=\u00bbhttps:\/\/www.wolkytolky.com\/wp-content\/uploads\/2019\/08\/Luc.jpg\u00bb align_tablet=\u00bbcenter\u00bb align_phone=\u00bb\u00bb align_last_edited=\u00bbon|desktop\u00bb _builder_version=\u00bb3.23&#8243;][\/et_pb_image][\/et_pb_column][et_pb_column type=\u00bb3_5&#8243; _builder_version=\u00bb3.25&#8243; custom_padding=\u00bb|||\u00bb custom_padding__hover=\u00bb|||\u00bb][et_pb_text _builder_version=\u00bb4.7.4&#8243; hover_enabled=\u00bb0&#8243; sticky_enabled=\u00bb0&#8243;]<\/p>\n<p>Me llamo Luc Verkoelen. Loco por la meteorolog\u00eda y desarrollador de software. Me suelen decir que valgo para (casi) todo. Combino mis conocimientos sobre el tiempo con el desarrollo de software, y as\u00ed creo aplicaciones para WolkyTolky que sean f\u00e1ciles de usar. Dentro de WolkyTolky, soy responsable de todos los avances t\u00e9cnicos. Adem\u00e1s, como director de WolkyTolky, me ocupo de las finanzas, las adquisiciones y los temas estrat\u00e9gicos generales.<\/p>\n<p>[\/et_pb_text][\/et_pb_column][\/et_pb_row][et_pb_row column_structure=\u00bb3_5,2_5&#8243; make_equal=\u00bbon\u00bb _builder_version=\u00bb3.25&#8243;][et_pb_column type=\u00bb3_5&#8243; _builder_version=\u00bb3.25&#8243; custom_padding=\u00bb|||\u00bb custom_padding__hover=\u00bb|||\u00bb][et_pb_text _builder_version=\u00bb3.27.4&#8243;]<\/p>\n<p>Soy Yannick Smedts y llevo ya varios a\u00f1os trabajando en el cultivo de precisi\u00f3n en la arboricultura. Adem\u00e1s, hace mucho que soy responsable de la gesti\u00f3n h\u00eddrica del vivero forestal Boomkwekerij Fleuren. Aqu\u00ed surgi\u00f3 el inter\u00e9s por la meteorolog\u00eda y tambi\u00e9n acab\u00f3 por nacer WolkyTolky. Me ocupo de la planificaci\u00f3n de la producci\u00f3n, las ventas y el contacto con los clientes.<\/p>\n<p>[\/et_pb_text][\/et_pb_column][et_pb_column type=\u00bb2_5&#8243; _builder_version=\u00bb3.25&#8243; custom_padding=\u00bb|||\u00bb custom_padding__hover=\u00bb|||\u00bb][et_pb_image src=\u00bbhttps:\/\/www.wolkytolky.com\/wp-content\/uploads\/2019\/08\/Yannick.jpg\u00bb align_tablet=\u00bbcenter\u00bb align_phone=\u00bb\u00bb align_last_edited=\u00bbon|desktop\u00bb _builder_version=\u00bb3.23&#8243;][\/et_pb_image][\/et_pb_column][\/et_pb_row][et_pb_row column_structure=\u00bb2_5,3_5&#8243; make_equal=\u00bbon\u00bb _builder_version=\u00bb3.25&#8243;][et_pb_column type=\u00bb2_5&#8243; _builder_version=\u00bb3.25&#8243; custom_padding=\u00bb|||\u00bb custom_padding__hover=\u00bb|||\u00bb][et_pb_image src=\u00bbhttps:\/\/www.wolkytolky.com\/wp-content\/uploads\/2019\/08\/Han.jpg\u00bb align_tablet=\u00bbcenter\u00bb align_phone=\u00bb\u00bb align_last_edited=\u00bbon|desktop\u00bb _builder_version=\u00bb3.23&#8243;][\/et_pb_image][\/et_pb_column][et_pb_column type=\u00bb3_5&#8243; _builder_version=\u00bb3.25&#8243; custom_padding=\u00bb|||\u00bb custom_padding__hover=\u00bb|||\u00bb][et_pb_text _builder_version=\u00bb3.27.4&#8243;]<\/p>\n<p>Mi nombre es Han Fleuren, y soy director del vivero forestal Boomkwekerij Fleuren. En este terreno nos tachan de innovadores, y siempre andamos a la b\u00fasqueda de soluciones. Con raz\u00f3n puedo decir que WolkyTolky es un ejemplo de ello. En WolkyTolky me encargo sobre todo de la direcci\u00f3n de la empresa y de asesorar. Y tambi\u00e9n, por supuesto, soy embajador de WolkyTolky.<\/p>\n<p>[\/et_pb_text][\/et_pb_column][\/et_pb_row][\/et_pb_section]<\/p>\n","protected":false},"excerpt":{"rendered":"<p>Me llamo Luc Verkoelen. Loco por la meteorolog\u00eda y desarrollador de software. Me suelen decir que valgo para (casi) todo. Combino mis conocimientos sobre el tiempo con el desarrollo de software, y as\u00ed creo aplicaciones para WolkyTolky que sean f\u00e1ciles de usar. Dentro de WolkyTolky, soy responsable de todos los avances t\u00e9cnicos. Adem\u00e1s, como director [&hellip;]<\/p>\n","protected":false},"author":1,"featured_media":0,"parent":0,"menu_order":0,"comment_status":"closed","ping_status":"closed","template":"","meta":{"_acf_changed":false,"_et_pb_use_builder":"on","_et_pb_old_content":"","_et_gb_content_width":"","footnotes":""},"class_list":["post-1521","page","type-page","status-publish","hentry"],"acf":[],"yoast_head":"<!-- This site is optimized with the Yoast SEO plugin v27.0 - https:\/\/yoast.com\/product\/yoast-seo-wordpress\/ -->\n<title>\u00bfQui\u00e9nes somos? - WolkyTolky<\/title>\n<meta name=\"robots\" content=\"index, follow, max-snippet:-1, max-image-preview:large, max-video-preview:-1\" \/>\n<link rel=\"canonical\" href=\"https:\/\/www.wolkytolky.com\/es\/quienes-somos\/\" \/>\n<meta property=\"og:locale\" content=\"es_ES\" \/>\n<meta property=\"og:type\" content=\"article\" \/>\n<meta property=\"og:title\" content=\"\u00bfQui\u00e9nes somos? - WolkyTolky\" \/>\n<meta property=\"og:description\" content=\"Me llamo Luc Verkoelen. Loco por la meteorolog\u00eda y desarrollador de software. Me suelen decir que valgo para (casi) todo. Combino mis conocimientos sobre el tiempo con el desarrollo de software, y as\u00ed creo aplicaciones para WolkyTolky que sean f\u00e1ciles de usar. Dentro de WolkyTolky, soy responsable de todos los avances t\u00e9cnicos. Adem\u00e1s, como director [&hellip;]\" \/>\n<meta property=\"og:url\" content=\"https:\/\/www.wolkytolky.com\/es\/quienes-somos\/\" \/>\n<meta property=\"og:site_name\" content=\"WolkyTolky\" \/>\n<meta property=\"article:publisher\" content=\"https:\/\/www.facebook.com\/Wolkytolkyweather\/\" \/>\n<meta name=\"twitter:card\" content=\"summary_large_image\" \/>\n<meta name=\"twitter:label1\" content=\"Tiempo de lectura\" \/>\n\t<meta name=\"twitter:data1\" content=\"2 minutos\" \/>\n<script type=\"application\/ld+json\" class=\"yoast-schema-graph\">{\"@context\":\"https:\/\/schema.org\",\"@graph\":[{\"@type\":\"WebPage\",\"@id\":\"https:\/\/www.wolkytolky.com\/es\/quienes-somos\/\",\"url\":\"https:\/\/www.wolkytolky.com\/es\/quienes-somos\/\",\"name\":\"\u00bfQui\u00e9nes somos? - WolkyTolky\",\"isPartOf\":{\"@id\":\"https:\/\/www.wolkytolky.com\/es\/#website\"},\"datePublished\":\"2024-10-03T09:46:08+00:00\",\"breadcrumb\":{\"@id\":\"https:\/\/www.wolkytolky.com\/es\/quienes-somos\/#breadcrumb\"},\"inLanguage\":\"es\",\"potentialAction\":[{\"@type\":\"ReadAction\",\"target\":[\"https:\/\/www.wolkytolky.com\/es\/quienes-somos\/\"]}]},{\"@type\":\"BreadcrumbList\",\"@id\":\"https:\/\/www.wolkytolky.com\/es\/quienes-somos\/#breadcrumb\",\"itemListElement\":[{\"@type\":\"ListItem\",\"position\":1,\"name\":\"Home\",\"item\":\"https:\/\/www.wolkytolky.com\/es\/\"},{\"@type\":\"ListItem\",\"position\":2,\"name\":\"\u00bfQui\u00e9nes somos?\"}]},{\"@type\":\"WebSite\",\"@id\":\"https:\/\/www.wolkytolky.com\/es\/#website\",\"url\":\"https:\/\/www.wolkytolky.com\/es\/\",\"name\":\"WolkyTolky\",\"description\":\"Agro Data Systems\",\"publisher\":{\"@id\":\"https:\/\/www.wolkytolky.com\/es\/#organization\"},\"potentialAction\":[{\"@type\":\"SearchAction\",\"target\":{\"@type\":\"EntryPoint\",\"urlTemplate\":\"https:\/\/www.wolkytolky.com\/es\/?s={search_term_string}\"},\"query-input\":{\"@type\":\"PropertyValueSpecification\",\"valueRequired\":true,\"valueName\":\"search_term_string\"}}],\"inLanguage\":\"es\"},{\"@type\":\"Organization\",\"@id\":\"https:\/\/www.wolkytolky.com\/es\/#organization\",\"name\":\"WolkyTolky\",\"url\":\"https:\/\/www.wolkytolky.com\/es\/\",\"logo\":{\"@type\":\"ImageObject\",\"inLanguage\":\"es\",\"@id\":\"https:\/\/www.wolkytolky.com\/es\/#\/schema\/logo\/image\/\",\"url\":\"https:\/\/www.wolkytolky.com\/wp-content\/uploads\/2023\/10\/WT_logo_web.png\",\"contentUrl\":\"https:\/\/www.wolkytolky.com\/wp-content\/uploads\/2023\/10\/WT_logo_web.png\",\"width\":423,\"height\":115,\"caption\":\"WolkyTolky\"},\"image\":{\"@id\":\"https:\/\/www.wolkytolky.com\/es\/#\/schema\/logo\/image\/\"},\"sameAs\":[\"https:\/\/www.facebook.com\/Wolkytolkyweather\/\"]}]}<\/script>\n<!-- \/ Yoast SEO plugin. -->","yoast_head_json":{"title":"\u00bfQui\u00e9nes somos? - WolkyTolky","robots":{"index":"index","follow":"follow","max-snippet":"max-snippet:-1","max-image-preview":"max-image-preview:large","max-video-preview":"max-video-preview:-1"},"canonical":"https:\/\/www.wolkytolky.com\/es\/quienes-somos\/","og_locale":"es_ES","og_type":"article","og_title":"\u00bfQui\u00e9nes somos? - WolkyTolky","og_description":"Me llamo Luc Verkoelen. Loco por la meteorolog\u00eda y desarrollador de software. Me suelen decir que valgo para (casi) todo. Combino mis conocimientos sobre el tiempo con el desarrollo de software, y as\u00ed creo aplicaciones para WolkyTolky que sean f\u00e1ciles de usar. Dentro de WolkyTolky, soy responsable de todos los avances t\u00e9cnicos. Adem\u00e1s, como director [&hellip;]","og_url":"https:\/\/www.wolkytolky.com\/es\/quienes-somos\/","og_site_name":"WolkyTolky","article_publisher":"https:\/\/www.facebook.com\/Wolkytolkyweather\/","twitter_card":"summary_large_image","twitter_misc":{"Tiempo de lectura":"2 minutos"},"schema":{"@context":"https:\/\/schema.org","@graph":[{"@type":"WebPage","@id":"https:\/\/www.wolkytolky.com\/es\/quienes-somos\/","url":"https:\/\/www.wolkytolky.com\/es\/quienes-somos\/","name":"\u00bfQui\u00e9nes somos? - WolkyTolky","isPartOf":{"@id":"https:\/\/www.wolkytolky.com\/es\/#website"},"datePublished":"2024-10-03T09:46:08+00:00","breadcrumb":{"@id":"https:\/\/www.wolkytolky.com\/es\/quienes-somos\/#breadcrumb"},"inLanguage":"es","potentialAction":[{"@type":"ReadAction","target":["https:\/\/www.wolkytolky.com\/es\/quienes-somos\/"]}]},{"@type":"BreadcrumbList","@id":"https:\/\/www.wolkytolky.com\/es\/quienes-somos\/#breadcrumb","itemListElement":[{"@type":"ListItem","position":1,"name":"Home","item":"https:\/\/www.wolkytolky.com\/es\/"},{"@type":"ListItem","position":2,"name":"\u00bfQui\u00e9nes somos?"}]},{"@type":"WebSite","@id":"https:\/\/www.wolkytolky.com\/es\/#website","url":"https:\/\/www.wolkytolky.com\/es\/","name":"WolkyTolky","description":"Agro Data Systems","publisher":{"@id":"https:\/\/www.wolkytolky.com\/es\/#organization"},"potentialAction":[{"@type":"SearchAction","target":{"@type":"EntryPoint","urlTemplate":"https:\/\/www.wolkytolky.com\/es\/?s={search_term_string}"},"query-input":{"@type":"PropertyValueSpecification","valueRequired":true,"valueName":"search_term_string"}}],"inLanguage":"es"},{"@type":"Organization","@id":"https:\/\/www.wolkytolky.com\/es\/#organization","name":"WolkyTolky","url":"https:\/\/www.wolkytolky.com\/es\/","logo":{"@type":"ImageObject","inLanguage":"es","@id":"https:\/\/www.wolkytolky.com\/es\/#\/schema\/logo\/image\/","url":"https:\/\/www.wolkytolky.com\/wp-content\/uploads\/2023\/10\/WT_logo_web.png","contentUrl":"https:\/\/www.wolkytolky.com\/wp-content\/uploads\/2023\/10\/WT_logo_web.png","width":423,"height":115,"caption":"WolkyTolky"},"image":{"@id":"https:\/\/www.wolkytolky.com\/es\/#\/schema\/logo\/image\/"},"sameAs":["https:\/\/www.facebook.com\/Wolkytolkyweather\/"]}]}},"_links":{"self":[{"href":"https:\/\/www.wolkytolky.com\/es\/wp-json\/wp\/v2\/pages\/1521","targetHints":{"allow":["GET"]}}],"collection":[{"href":"https:\/\/www.wolkytolky.com\/es\/wp-json\/wp\/v2\/pages"}],"about":[{"href":"https:\/\/www.wolkytolky.com\/es\/wp-json\/wp\/v2\/types\/page"}],"author":[{"embeddable":true,"href":"https:\/\/www.wolkytolky.com\/es\/wp-json\/wp\/v2\/users\/1"}],"replies":[{"embeddable":true,"href":"https:\/\/www.wolkytolky.com\/es\/wp-json\/wp\/v2\/comments?post=1521"}],"version-history":[{"count":2,"href":"https:\/\/www.wolkytolky.com\/es\/wp-json\/wp\/v2\/pages\/1521\/revisions"}],"predecessor-version":[{"id":1526,"href":"https:\/\/www.wolkytolky.com\/es\/wp-json\/wp\/v2\/pages\/1521\/revisions\/1526"}],"wp:attachment":[{"href":"https:\/\/www.wolkytolky.com\/es\/wp-json\/wp\/v2\/media?parent=1521"}],"curies":[{"name":"wp","href":"https:\/\/api.w.org\/{rel}","templated":true}]}}