{"id":802,"date":"2021-10-20T20:36:52","date_gmt":"2021-10-20T18:36:52","guid":{"rendered":"https:\/\/www.wolkytolky.com\/qui-sommes-nous\/"},"modified":"2021-10-20T20:36:52","modified_gmt":"2021-10-20T18:36:52","slug":"qui-sommes-nous","status":"publish","type":"page","link":"https:\/\/www.wolkytolky.com\/fr\/qui-sommes-nous\/","title":{"rendered":"Qui sommes-nous"},"content":{"rendered":"<p>[et_pb_section fb_built=\u00a0\u00bb1&Prime; fullwidth=\u00a0\u00bbon\u00a0\u00bb _builder_version=\u00a0\u00bb3.22&Prime;][et_pb_fullwidth_image src=\u00a0\u00bbhttps:\/\/www.wolkytolky.com\/wp-content\/uploads\/2019\/08\/header.jpg\u00a0\u00bb _builder_version=\u00a0\u00bb3.17.6&Prime;][\/et_pb_fullwidth_image][\/et_pb_section][et_pb_section fb_built=\u00a0\u00bb1&Prime; _builder_version=\u00a0\u00bb3.22&Prime;][et_pb_row column_structure=\u00a0\u00bb2_5,3_5&Prime; make_equal=\u00a0\u00bbon\u00a0\u00bb _builder_version=\u00a0\u00bb3.25&Prime;][et_pb_column type=\u00a0\u00bb2_5&Prime; _builder_version=\u00a0\u00bb3.25&Prime; custom_padding=\u00a0\u00bb|||\u00a0\u00bb custom_padding__hover=\u00a0\u00bb|||\u00a0\u00bb][et_pb_image src=\u00a0\u00bbhttps:\/\/www.wolkytolky.com\/wp-content\/uploads\/2019\/08\/Luc.jpg\u00a0\u00bb align_tablet=\u00a0\u00bbcenter\u00a0\u00bb align_phone=\u00a0\u00bb\u00a0\u00bb align_last_edited=\u00a0\u00bbon|desktop\u00a0\u00bb _builder_version=\u00a0\u00bb3.23&Prime;][\/et_pb_image][\/et_pb_column][et_pb_column type=\u00a0\u00bb3_5&Prime; _builder_version=\u00a0\u00bb3.25&Prime; custom_padding=\u00a0\u00bb|||\u00a0\u00bb custom_padding__hover=\u00a0\u00bb|||\u00a0\u00bb][et_pb_text _builder_version=\u00a0\u00bb4.7.4&Prime; hover_enabled=\u00a0\u00bb0&Prime; sticky_enabled=\u00a0\u00bb0&Prime;]<\/p>\n<p>Je m\u2019appelle Luc Verkoelen. Passionn\u00e9 de m\u00e9t\u00e9o, d\u00e9veloppeur de logiciels, on me colle souvent l\u2019\u00e9tiquette de couteau suisse. Je combine mes connaissances en m\u00e9t\u00e9orologie et en d\u00e9veloppement de logiciels dans des applications conviviales pour WolkyTolky. Chez WolkyTolky, je suis charg\u00e9 du d\u00e9veloppement technique. En tant que directeur de WolkyTolky, je m\u2019occupe \u00e9galement des finances, des achats et des questions strat\u00e9giques g\u00e9n\u00e9rales.<\/p>\n<p>[\/et_pb_text][\/et_pb_column][\/et_pb_row][et_pb_row column_structure=\u00a0\u00bb3_5,2_5&Prime; make_equal=\u00a0\u00bbon\u00a0\u00bb _builder_version=\u00a0\u00bb3.25&Prime;][et_pb_column type=\u00a0\u00bb3_5&Prime; _builder_version=\u00a0\u00bb3.25&Prime; custom_padding=\u00a0\u00bb|||\u00a0\u00bb custom_padding__hover=\u00a0\u00bb|||\u00a0\u00bb][et_pb_text _builder_version=\u00a0\u00bb3.27.4&Prime;]<\/p>\n<p>Je m\u2019appelle Yannick Smedts et je travaille \u00e0 l\u2019agriculture de pr\u00e9cision dans l\u2019arboriculture depuis plusieurs ann\u00e9es. De plus, je suis responsable de la gestion de l\u2019eau \u00e0 la p\u00e9pini\u00e8re Fleuren depuis quelque temps d\u00e9j\u00e0. C\u2019est l\u00e0, entre autres, que j\u2019ai commenc\u00e9 \u00e0 m\u2019int\u00e9resser \u00e0 la m\u00e9t\u00e9o \u2013 ce qui a fini par donner WolkyTolky. Je suis charg\u00e9 de la planification de la production, des ventes et du contact avec les clients.<\/p>\n<p>[\/et_pb_text][\/et_pb_column][et_pb_column type=\u00a0\u00bb2_5&Prime; _builder_version=\u00a0\u00bb3.25&Prime; custom_padding=\u00a0\u00bb|||\u00a0\u00bb custom_padding__hover=\u00a0\u00bb|||\u00a0\u00bb][et_pb_image src=\u00a0\u00bbhttps:\/\/www.wolkytolky.com\/wp-content\/uploads\/2019\/08\/Yannick.jpg\u00a0\u00bb align_tablet=\u00a0\u00bbcenter\u00a0\u00bb align_phone=\u00a0\u00bb\u00a0\u00bb align_last_edited=\u00a0\u00bbon|desktop\u00a0\u00bb _builder_version=\u00a0\u00bb3.23&Prime;][\/et_pb_image][\/et_pb_column][\/et_pb_row][et_pb_row column_structure=\u00a0\u00bb2_5,3_5&Prime; make_equal=\u00a0\u00bbon\u00a0\u00bb _builder_version=\u00a0\u00bb3.25&Prime;][et_pb_column type=\u00a0\u00bb2_5&Prime; _builder_version=\u00a0\u00bb3.25&Prime; custom_padding=\u00a0\u00bb|||\u00a0\u00bb custom_padding__hover=\u00a0\u00bb|||\u00a0\u00bb][et_pb_image src=\u00a0\u00bbhttps:\/\/www.wolkytolky.com\/wp-content\/uploads\/2019\/08\/Han.jpg\u00a0\u00bb align_tablet=\u00a0\u00bbcenter\u00a0\u00bb align_phone=\u00a0\u00bb\u00a0\u00bb align_last_edited=\u00a0\u00bbon|desktop\u00a0\u00bb _builder_version=\u00a0\u00bb3.23&Prime;][\/et_pb_image][\/et_pb_column][et_pb_column type=\u00a0\u00bb3_5&Prime; _builder_version=\u00a0\u00bb3.25&Prime; custom_padding=\u00a0\u00bb|||\u00a0\u00bb custom_padding__hover=\u00a0\u00bb|||\u00a0\u00bb][et_pb_text _builder_version=\u00a0\u00bb3.27.4&Prime;]<\/p>\n<p>Je m\u2019appelle Han Fleuren et je suis le directeur de la p\u00e9pini\u00e8re Fleuren. Dans le secteur de l\u2019arboriculture, nous sommes consid\u00e9r\u00e9s comme innovants, et toujours en qu\u00eate de solutions. Et l\u2019on peut dire que WolkyTolky en est un bel exemple. Chez WolkyTolky, je m\u2019occupe principalement de gestion d\u2019entreprise et de conseil. Bien s\u00fbr, je suis aussi ambassadeur de WolkyTolky.<\/p>\n<p>[\/et_pb_text][\/et_pb_column][\/et_pb_row][\/et_pb_section]<\/p>\n","protected":false},"excerpt":{"rendered":"<p>Je m\u2019appelle Luc Verkoelen. Passionn\u00e9 de m\u00e9t\u00e9o, d\u00e9veloppeur de logiciels, on me colle souvent l\u2019\u00e9tiquette de couteau suisse. Je combine mes connaissances en m\u00e9t\u00e9orologie et en d\u00e9veloppement de logiciels dans des applications conviviales pour WolkyTolky. Chez WolkyTolky, je suis charg\u00e9 du d\u00e9veloppement technique. En tant que directeur de WolkyTolky, je m\u2019occupe \u00e9galement des finances, des [&hellip;]<\/p>\n","protected":false},"author":1,"featured_media":0,"parent":0,"menu_order":0,"comment_status":"closed","ping_status":"closed","template":"","meta":{"_acf_changed":false,"_et_pb_use_builder":"on","_et_pb_old_content":"","_et_gb_content_width":"","footnotes":""},"class_list":["post-802","page","type-page","status-publish","hentry"],"acf":[],"yoast_head":"<!-- This site is optimized with the Yoast SEO plugin v27.0 - https:\/\/yoast.com\/product\/yoast-seo-wordpress\/ -->\n<title>Qui sommes-nous - WolkyTolky<\/title>\n<meta name=\"robots\" content=\"index, follow, max-snippet:-1, max-image-preview:large, max-video-preview:-1\" \/>\n<link rel=\"canonical\" href=\"https:\/\/www.wolkytolky.com\/fr\/qui-sommes-nous\/\" \/>\n<meta property=\"og:locale\" content=\"fr_FR\" \/>\n<meta property=\"og:type\" content=\"article\" \/>\n<meta property=\"og:title\" content=\"Qui sommes-nous - WolkyTolky\" \/>\n<meta property=\"og:description\" content=\"Je m\u2019appelle Luc Verkoelen. Passionn\u00e9 de m\u00e9t\u00e9o, d\u00e9veloppeur de logiciels, on me colle souvent l\u2019\u00e9tiquette de couteau suisse. Je combine mes connaissances en m\u00e9t\u00e9orologie et en d\u00e9veloppement de logiciels dans des applications conviviales pour WolkyTolky. Chez WolkyTolky, je suis charg\u00e9 du d\u00e9veloppement technique. En tant que directeur de WolkyTolky, je m\u2019occupe \u00e9galement des finances, des [&hellip;]\" \/>\n<meta property=\"og:url\" content=\"https:\/\/www.wolkytolky.com\/fr\/qui-sommes-nous\/\" \/>\n<meta property=\"og:site_name\" content=\"WolkyTolky\" \/>\n<meta property=\"article:publisher\" content=\"https:\/\/www.facebook.com\/Wolkytolkyweather\/\" \/>\n<meta name=\"twitter:card\" content=\"summary_large_image\" \/>\n<meta name=\"twitter:label1\" content=\"Dur\u00e9e de lecture estim\u00e9e\" \/>\n\t<meta name=\"twitter:data1\" content=\"2 minutes\" \/>\n<script type=\"application\/ld+json\" class=\"yoast-schema-graph\">{\"@context\":\"https:\/\/schema.org\",\"@graph\":[{\"@type\":\"WebPage\",\"@id\":\"https:\/\/www.wolkytolky.com\/fr\/qui-sommes-nous\/\",\"url\":\"https:\/\/www.wolkytolky.com\/fr\/qui-sommes-nous\/\",\"name\":\"Qui sommes-nous - WolkyTolky\",\"isPartOf\":{\"@id\":\"https:\/\/www.wolkytolky.com\/fr\/#website\"},\"datePublished\":\"2021-10-20T18:36:52+00:00\",\"breadcrumb\":{\"@id\":\"https:\/\/www.wolkytolky.com\/fr\/qui-sommes-nous\/#breadcrumb\"},\"inLanguage\":\"fr-FR\",\"potentialAction\":[{\"@type\":\"ReadAction\",\"target\":[\"https:\/\/www.wolkytolky.com\/fr\/qui-sommes-nous\/\"]}]},{\"@type\":\"BreadcrumbList\",\"@id\":\"https:\/\/www.wolkytolky.com\/fr\/qui-sommes-nous\/#breadcrumb\",\"itemListElement\":[{\"@type\":\"ListItem\",\"position\":1,\"name\":\"Home\",\"item\":\"https:\/\/www.wolkytolky.com\/fr\/\"},{\"@type\":\"ListItem\",\"position\":2,\"name\":\"Qui sommes-nous\"}]},{\"@type\":\"WebSite\",\"@id\":\"https:\/\/www.wolkytolky.com\/fr\/#website\",\"url\":\"https:\/\/www.wolkytolky.com\/fr\/\",\"name\":\"WolkyTolky\",\"description\":\"Agro Data Systems\",\"publisher\":{\"@id\":\"https:\/\/www.wolkytolky.com\/fr\/#organization\"},\"potentialAction\":[{\"@type\":\"SearchAction\",\"target\":{\"@type\":\"EntryPoint\",\"urlTemplate\":\"https:\/\/www.wolkytolky.com\/fr\/?s={search_term_string}\"},\"query-input\":{\"@type\":\"PropertyValueSpecification\",\"valueRequired\":true,\"valueName\":\"search_term_string\"}}],\"inLanguage\":\"fr-FR\"},{\"@type\":\"Organization\",\"@id\":\"https:\/\/www.wolkytolky.com\/fr\/#organization\",\"name\":\"WolkyTolky\",\"url\":\"https:\/\/www.wolkytolky.com\/fr\/\",\"logo\":{\"@type\":\"ImageObject\",\"inLanguage\":\"fr-FR\",\"@id\":\"https:\/\/www.wolkytolky.com\/fr\/#\/schema\/logo\/image\/\",\"url\":\"https:\/\/www.wolkytolky.com\/wp-content\/uploads\/2023\/10\/WT_logo_web.png\",\"contentUrl\":\"https:\/\/www.wolkytolky.com\/wp-content\/uploads\/2023\/10\/WT_logo_web.png\",\"width\":423,\"height\":115,\"caption\":\"WolkyTolky\"},\"image\":{\"@id\":\"https:\/\/www.wolkytolky.com\/fr\/#\/schema\/logo\/image\/\"},\"sameAs\":[\"https:\/\/www.facebook.com\/Wolkytolkyweather\/\"]}]}<\/script>\n<!-- \/ Yoast SEO plugin. -->","yoast_head_json":{"title":"Qui sommes-nous - WolkyTolky","robots":{"index":"index","follow":"follow","max-snippet":"max-snippet:-1","max-image-preview":"max-image-preview:large","max-video-preview":"max-video-preview:-1"},"canonical":"https:\/\/www.wolkytolky.com\/fr\/qui-sommes-nous\/","og_locale":"fr_FR","og_type":"article","og_title":"Qui sommes-nous - WolkyTolky","og_description":"Je m\u2019appelle Luc Verkoelen. Passionn\u00e9 de m\u00e9t\u00e9o, d\u00e9veloppeur de logiciels, on me colle souvent l\u2019\u00e9tiquette de couteau suisse. Je combine mes connaissances en m\u00e9t\u00e9orologie et en d\u00e9veloppement de logiciels dans des applications conviviales pour WolkyTolky. Chez WolkyTolky, je suis charg\u00e9 du d\u00e9veloppement technique. En tant que directeur de WolkyTolky, je m\u2019occupe \u00e9galement des finances, des [&hellip;]","og_url":"https:\/\/www.wolkytolky.com\/fr\/qui-sommes-nous\/","og_site_name":"WolkyTolky","article_publisher":"https:\/\/www.facebook.com\/Wolkytolkyweather\/","twitter_card":"summary_large_image","twitter_misc":{"Dur\u00e9e de lecture estim\u00e9e":"2 minutes"},"schema":{"@context":"https:\/\/schema.org","@graph":[{"@type":"WebPage","@id":"https:\/\/www.wolkytolky.com\/fr\/qui-sommes-nous\/","url":"https:\/\/www.wolkytolky.com\/fr\/qui-sommes-nous\/","name":"Qui sommes-nous - WolkyTolky","isPartOf":{"@id":"https:\/\/www.wolkytolky.com\/fr\/#website"},"datePublished":"2021-10-20T18:36:52+00:00","breadcrumb":{"@id":"https:\/\/www.wolkytolky.com\/fr\/qui-sommes-nous\/#breadcrumb"},"inLanguage":"fr-FR","potentialAction":[{"@type":"ReadAction","target":["https:\/\/www.wolkytolky.com\/fr\/qui-sommes-nous\/"]}]},{"@type":"BreadcrumbList","@id":"https:\/\/www.wolkytolky.com\/fr\/qui-sommes-nous\/#breadcrumb","itemListElement":[{"@type":"ListItem","position":1,"name":"Home","item":"https:\/\/www.wolkytolky.com\/fr\/"},{"@type":"ListItem","position":2,"name":"Qui sommes-nous"}]},{"@type":"WebSite","@id":"https:\/\/www.wolkytolky.com\/fr\/#website","url":"https:\/\/www.wolkytolky.com\/fr\/","name":"WolkyTolky","description":"Agro Data Systems","publisher":{"@id":"https:\/\/www.wolkytolky.com\/fr\/#organization"},"potentialAction":[{"@type":"SearchAction","target":{"@type":"EntryPoint","urlTemplate":"https:\/\/www.wolkytolky.com\/fr\/?s={search_term_string}"},"query-input":{"@type":"PropertyValueSpecification","valueRequired":true,"valueName":"search_term_string"}}],"inLanguage":"fr-FR"},{"@type":"Organization","@id":"https:\/\/www.wolkytolky.com\/fr\/#organization","name":"WolkyTolky","url":"https:\/\/www.wolkytolky.com\/fr\/","logo":{"@type":"ImageObject","inLanguage":"fr-FR","@id":"https:\/\/www.wolkytolky.com\/fr\/#\/schema\/logo\/image\/","url":"https:\/\/www.wolkytolky.com\/wp-content\/uploads\/2023\/10\/WT_logo_web.png","contentUrl":"https:\/\/www.wolkytolky.com\/wp-content\/uploads\/2023\/10\/WT_logo_web.png","width":423,"height":115,"caption":"WolkyTolky"},"image":{"@id":"https:\/\/www.wolkytolky.com\/fr\/#\/schema\/logo\/image\/"},"sameAs":["https:\/\/www.facebook.com\/Wolkytolkyweather\/"]}]}},"_links":{"self":[{"href":"https:\/\/www.wolkytolky.com\/fr\/wp-json\/wp\/v2\/pages\/802","targetHints":{"allow":["GET"]}}],"collection":[{"href":"https:\/\/www.wolkytolky.com\/fr\/wp-json\/wp\/v2\/pages"}],"about":[{"href":"https:\/\/www.wolkytolky.com\/fr\/wp-json\/wp\/v2\/types\/page"}],"author":[{"embeddable":true,"href":"https:\/\/www.wolkytolky.com\/fr\/wp-json\/wp\/v2\/users\/1"}],"replies":[{"embeddable":true,"href":"https:\/\/www.wolkytolky.com\/fr\/wp-json\/wp\/v2\/comments?post=802"}],"version-history":[{"count":2,"href":"https:\/\/www.wolkytolky.com\/fr\/wp-json\/wp\/v2\/pages\/802\/revisions"}],"predecessor-version":[{"id":807,"href":"https:\/\/www.wolkytolky.com\/fr\/wp-json\/wp\/v2\/pages\/802\/revisions\/807"}],"wp:attachment":[{"href":"https:\/\/www.wolkytolky.com\/fr\/wp-json\/wp\/v2\/media?parent=802"}],"curies":[{"name":"wp","href":"https:\/\/api.w.org\/{rel}","templated":true}]}}